{"id":1413,"date":"2023-08-15T23:19:53","date_gmt":"2023-08-15T23:19:53","guid":{"rendered":"https:\/\/klinikedentale.net\/?page_id=1413"},"modified":"2024-01-11T22:37:58","modified_gmt":"2024-01-11T22:37:58","slug":"periodoncia-e-implantes","status":"publish","type":"page","link":"https:\/\/klinikedentale.net\/en\/periodoncia-e-implantes\/","title":{"rendered":"Periodontics and implants"},"content":{"rendered":"<div data-elementor-type=\"wp-page\" data-elementor-id=\"1413\" class=\"elementor elementor-1413\">\n\t\t\t\t\t\t\t\t\t<section class=\"elementor-section elementor-top-section elementor-element elementor-element-5956d53 elementor-section-content-middle elementor-section-boxed elementor-section-height-default elementor-section-height-default\" data-id=\"5956d53\" data-element_type=\"section\">\n\t\t\t\t\t\t\t<div class=\"elementor-background-overlay\"><\/div>\n\t\t\t\t\t\t\t<div class=\"elementor-container elementor-column-gap-no\">\n\t\t\t\t\t<div class=\"elementor-column elementor-col-100 elementor-top-column elementor-element elementor-element-b1c2525\" data-id=\"b1c2525\" data-element_type=\"column\">\n\t\t\t<div class=\"elementor-widget-wrap\">\n\t\t\t\t\t\t\t\t\t<\/div>\n\t\t<\/div>\n\t\t\t\t\t\t\t<\/div>\n\t\t<\/section>\n\t\t\t\t<section class=\"elementor-section elementor-top-section elementor-element elementor-element-eb8a707 elementor-section-boxed elementor-section-height-default elementor-section-height-default\" data-id=\"eb8a707\" data-element_type=\"section\">\n\t\t\t\t\t\t<div class=\"elementor-container elementor-column-gap-default\">\n\t\t\t\t\t<div class=\"elementor-column elementor-col-50 elementor-top-column elementor-element elementor-element-933006f\" data-id=\"933006f\" data-element_type=\"column\">\n\t\t\t<div class=\"elementor-widget-wrap elementor-element-populated\">\n\t\t\t\t\t\t\t\t<div class=\"elementor-element elementor-element-46aaa3f elementor-widget elementor-widget-heading\" data-id=\"46aaa3f\" data-element_type=\"widget\" data-widget_type=\"heading.default\">\n\t\t\t\t<div class=\"elementor-widget-container\">\n\t\t\t<style>\/*! elementor - v3.18.0 - 20-12-2023 *\/\n.elementor-heading-title{padding:0;margin:0;line-height:1}.elementor-widget-heading .elementor-heading-title[class*=elementor-size-]>a{color:inherit;font-size:inherit;line-height:inherit}.elementor-widget-heading .elementor-heading-title.elementor-size-small{font-size:15px}.elementor-widget-heading .elementor-heading-title.elementor-size-medium{font-size:19px}.elementor-widget-heading .elementor-heading-title.elementor-size-large{font-size:29px}.elementor-widget-heading .elementor-heading-title.elementor-size-xl{font-size:39px}.elementor-widget-heading .elementor-heading-title.elementor-size-xxl{font-size:59px}<\/style><h2 class=\"elementor-heading-title elementor-size-default\">Periodoncia<\/h2>\t\t<\/div>\n\t\t\t\t<\/div>\n\t\t\t\t\t<\/div>\n\t\t<\/div>\n\t\t\t\t<div class=\"elementor-column elementor-col-50 elementor-top-column elementor-element elementor-element-9c1014d\" data-id=\"9c1014d\" data-element_type=\"column\">\n\t\t\t<div class=\"elementor-widget-wrap elementor-element-populated\">\n\t\t\t\t\t\t\t\t<div class=\"elementor-element elementor-element-b784ee0 elementor-widget elementor-widget-heading\" data-id=\"b784ee0\" data-element_type=\"widget\" data-widget_type=\"heading.default\">\n\t\t\t\t<div class=\"elementor-widget-container\">\n\t\t\t<h2 class=\"elementor-heading-title elementor-size-default\">Implantes<\/h2>\t\t<\/div>\n\t\t\t\t<\/div>\n\t\t\t\t\t<\/div>\n\t\t<\/div>\n\t\t\t\t\t\t\t<\/div>\n\t\t<\/section>\n\t\t\t\t<section class=\"elementor-section elementor-top-section elementor-element elementor-element-21bb7ff elementor-section-boxed elementor-section-height-default elementor-section-height-default\" data-id=\"21bb7ff\" data-element_type=\"section\">\n\t\t\t\t\t\t<div class=\"elementor-container elementor-column-gap-default\">\n\t\t\t\t\t<div class=\"elementor-column elementor-col-50 elementor-top-column elementor-element elementor-element-39b4835\" data-id=\"39b4835\" data-element_type=\"column\">\n\t\t\t<div class=\"elementor-widget-wrap elementor-element-populated\">\n\t\t\t\t\t\t\t\t<div class=\"elementor-element elementor-element-05cac84 elementor-widget elementor-widget-text-editor\" data-id=\"05cac84\" data-element_type=\"widget\" data-widget_type=\"text-editor.default\">\n\t\t\t\t<div class=\"elementor-widget-container\">\n\t\t\t<style>\/*! elementor - v3.18.0 - 20-12-2023 *\/\n.elementor-widget-text-editor.elementor-drop-cap-view-stacked .elementor-drop-cap{background-color:#69727d;color:#fff}.elementor-widget-text-editor.elementor-drop-cap-view-framed .elementor-drop-cap{color:#69727d;border:3px solid;background-color:transparent}.elementor-widget-text-editor:not(.elementor-drop-cap-view-default) .elementor-drop-cap{margin-top:8px}.elementor-widget-text-editor:not(.elementor-drop-cap-view-default) .elementor-drop-cap-letter{width:1em;height:1em}.elementor-widget-text-editor .elementor-drop-cap{float:left;text-align:center;line-height:1;font-size:50px}.elementor-widget-text-editor .elementor-drop-cap-letter{display:inline-block}<\/style>\t\t\t\t<p>La periodoncia es la especialidad odontol\u00f3gica encargada de prevenir, diagnosticar y tratar las enfermedades orales relacionadas con los tejidos de soporte del diente, principalmente hueso y enc\u00eda, siendo las mas comunes la gingivitis (inflamaci\u00f3n de enc\u00edas), periodontitis (perdida de hueso).<\/p><p>Dentro de la Periodoncia se realizan los siguientes tratamientos por mencionar algunos:<\/p><ul><li>Curetajes Abiertos<\/li><li>Cirug\u00eda de regeneraci\u00f3n o injerto \u00f3seo<\/li><li>Extracci\u00f3n atraum\u00e1tica<\/li><li>Frenectom\u00eda<\/li><li>Levantamiento de Seno Maxilar<\/li><li>Colocaci\u00f3n de Implantes dentales<\/li><\/ul><p>Contamos con Especialista en Periodoncia con mas de 10 a\u00f1os de experiencia y constante actualizaci\u00f3n es procedimientos quir\u00fargicos.<\/p>\t\t\t\t\t\t<\/div>\n\t\t\t\t<\/div>\n\t\t\t\t\t<\/div>\n\t\t<\/div>\n\t\t\t\t<div class=\"elementor-column elementor-col-50 elementor-top-column elementor-element elementor-element-b49b0f1\" data-id=\"b49b0f1\" data-element_type=\"column\">\n\t\t\t<div class=\"elementor-widget-wrap elementor-element-populated\">\n\t\t\t\t\t\t\t\t<div class=\"elementor-element elementor-element-6e7cd35 elementor-widget elementor-widget-text-editor\" data-id=\"6e7cd35\" data-element_type=\"widget\" data-widget_type=\"text-editor.default\">\n\t\t\t\t<div class=\"elementor-widget-container\">\n\t\t\t\t\t\t\t<p>El implante dental consiste en un perno de metal biocompatible con el cuerpo humano que sustituye la ra\u00edz de un diente, para posteriormente colocar una corona. Es una ra\u00edz artificial de un metal biocompatible con el cuerpo humano principalmente elaborados con titanio.<\/p><p>Los implantes dentales son el tratamiento de elecci\u00f3n cuando falta un diente ya que es una opci\u00f3n no removible y no se desgastan los dientes vecinos.<\/p><p>El procedimiento consta en una peque\u00f1a cirug\u00eda en la cual se coloca el implante, posterior a la colocaci\u00f3n se espera un tiempo de osteointegraci\u00f3n de 4-6 meses y finalmente se coloca una corona (un diente).<\/p><p>El procedimiento es r\u00e1pido y sin dolor.<\/p>\t\t\t\t\t\t<\/div>\n\t\t\t\t<\/div>\n\t\t\t\t\t<\/div>\n\t\t<\/div>\n\t\t\t\t\t\t\t<\/div>\n\t\t<\/section>\n\t\t\t\t\t\t\t<\/div>","protected":false},"excerpt":{"rendered":"<p>Periodoncia Implantes La periodoncia es la especialidad odontol\u00f3gica encargada de prevenir, diagnosticar y tratar las enfermedades orales relacionadas con los tejidos de soporte del diente, principalmente hueso y enc\u00eda, siendo las mas comunes la gingivitis (inflamaci\u00f3n de enc\u00edas), periodontitis (perdida de hueso). Dentro de la Periodoncia se realizan los siguientes tratamientos por mencionar algunos: Curetajes &hellip;<\/p>\n<p class=\"read-more\"> <a class=\"\" href=\"https:\/\/klinikedentale.net\/en\/periodoncia-e-implantes\/\"> <span class=\"screen-reader-text\">Periodontics and implants<\/span> Read More &raquo;<\/a><\/p>","protected":false},"author":1,"featured_media":0,"parent":0,"menu_order":0,"comment_status":"closed","ping_status":"closed","template":"","meta":{"site-sidebar-layout":"no-sidebar","site-content-layout":"page-builder","ast-site-content-layout":"","site-content-style":"default","site-sidebar-style":"default","ast-global-header-display":"","ast-banner-title-visibility":"","ast-main-header-display":"","ast-hfb-above-header-display":"","ast-hfb-below-header-display":"","ast-hfb-mobile-header-display":"","site-post-title":"disabled","ast-breadcrumbs-content":"","ast-featured-img":"disabled","footer-sml-layout":"","theme-transparent-header-meta":"","adv-header-id-meta":"","stick-header-meta":"","header-above-stick-meta":"","header-main-stick-meta":"","header-below-stick-meta":"","astra-migrate-meta-layouts":"","footnotes":""},"_links":{"self":[{"href":"https:\/\/klinikedentale.net\/en\/wp-json\/wp\/v2\/pages\/1413"}],"collection":[{"href":"https:\/\/klinikedentale.net\/en\/wp-json\/wp\/v2\/pages"}],"about":[{"href":"https:\/\/klinikedentale.net\/en\/wp-json\/wp\/v2\/types\/page"}],"author":[{"embeddable":true,"href":"https:\/\/klinikedentale.net\/en\/wp-json\/wp\/v2\/users\/1"}],"replies":[{"embeddable":true,"href":"https:\/\/klinikedentale.net\/en\/wp-json\/wp\/v2\/comments?post=1413"}],"version-history":[{"count":16,"href":"https:\/\/klinikedentale.net\/en\/wp-json\/wp\/v2\/pages\/1413\/revisions"}],"predecessor-version":[{"id":1675,"href":"https:\/\/klinikedentale.net\/en\/wp-json\/wp\/v2\/pages\/1413\/revisions\/1675"}],"wp:attachment":[{"href":"https:\/\/klinikedentale.net\/en\/wp-json\/wp\/v2\/media?parent=1413"}],"curies":[{"name":"wp","href":"https:\/\/api.w.org\/{rel}","templated":true}]}}