{"id":1414,"date":"2023-08-15T23:19:53","date_gmt":"2023-08-15T23:19:53","guid":{"rendered":"https:\/\/klinikedentale.net\/?page_id=1414"},"modified":"2024-01-11T22:37:39","modified_gmt":"2024-01-11T22:37:39","slug":"ortodoncia","status":"publish","type":"page","link":"https:\/\/klinikedentale.net\/en\/ortodoncia\/","title":{"rendered":"Orthodontics"},"content":{"rendered":"<div data-elementor-type=\"wp-page\" data-elementor-id=\"1414\" class=\"elementor elementor-1414\">\n\t\t\t\t\t\t\t\t\t<section class=\"elementor-section elementor-top-section elementor-element elementor-element-526de4a elementor-section-content-middle elementor-section-boxed elementor-section-height-default elementor-section-height-default\" data-id=\"526de4a\" data-element_type=\"section\">\n\t\t\t\t\t\t\t<div class=\"elementor-background-overlay\"><\/div>\n\t\t\t\t\t\t\t<div class=\"elementor-container elementor-column-gap-no\">\n\t\t\t\t\t<div class=\"elementor-column elementor-col-100 elementor-top-column elementor-element elementor-element-10d6627\" data-id=\"10d6627\" data-element_type=\"column\">\n\t\t\t<div class=\"elementor-widget-wrap\">\n\t\t\t\t\t\t\t\t\t<\/div>\n\t\t<\/div>\n\t\t\t\t\t\t\t<\/div>\n\t\t<\/section>\n\t\t\t\t<section class=\"elementor-section elementor-top-section elementor-element elementor-element-5b46705 elementor-section-boxed elementor-section-height-default elementor-section-height-default\" data-id=\"5b46705\" data-element_type=\"section\">\n\t\t\t\t\t\t<div class=\"elementor-container elementor-column-gap-default\">\n\t\t\t\t\t<div class=\"elementor-column elementor-col-100 elementor-top-column elementor-element elementor-element-a30c3d3\" data-id=\"a30c3d3\" data-element_type=\"column\">\n\t\t\t<div class=\"elementor-widget-wrap elementor-element-populated\">\n\t\t\t\t\t\t\t\t<div class=\"elementor-element elementor-element-928b16d elementor-widget elementor-widget-heading\" data-id=\"928b16d\" data-element_type=\"widget\" data-widget_type=\"heading.default\">\n\t\t\t\t<div class=\"elementor-widget-container\">\n\t\t\t<style>\/*! elementor - v3.18.0 - 20-12-2023 *\/\n.elementor-heading-title{padding:0;margin:0;line-height:1}.elementor-widget-heading .elementor-heading-title[class*=elementor-size-]>a{color:inherit;font-size:inherit;line-height:inherit}.elementor-widget-heading .elementor-heading-title.elementor-size-small{font-size:15px}.elementor-widget-heading .elementor-heading-title.elementor-size-medium{font-size:19px}.elementor-widget-heading .elementor-heading-title.elementor-size-large{font-size:29px}.elementor-widget-heading .elementor-heading-title.elementor-size-xl{font-size:39px}.elementor-widget-heading .elementor-heading-title.elementor-size-xxl{font-size:59px}<\/style><h2 class=\"elementor-heading-title elementor-size-default\">Orthodontics<\/h2>\t\t<\/div>\n\t\t\t\t<\/div>\n\t\t\t\t\t<\/div>\n\t\t<\/div>\n\t\t\t\t\t\t\t<\/div>\n\t\t<\/section>\n\t\t\t\t<section class=\"elementor-section elementor-top-section elementor-element elementor-element-b0142bc elementor-section-boxed elementor-section-height-default elementor-section-height-default\" data-id=\"b0142bc\" data-element_type=\"section\">\n\t\t\t\t\t\t<div class=\"elementor-container elementor-column-gap-default\">\n\t\t\t\t\t<div class=\"elementor-column elementor-col-100 elementor-top-column elementor-element elementor-element-61c66f8\" data-id=\"61c66f8\" data-element_type=\"column\">\n\t\t\t<div class=\"elementor-widget-wrap elementor-element-populated\">\n\t\t\t\t\t\t\t\t<div class=\"elementor-element elementor-element-a2dd2df elementor-widget elementor-widget-text-editor\" data-id=\"a2dd2df\" data-element_type=\"widget\" data-widget_type=\"text-editor.default\">\n\t\t\t\t<div class=\"elementor-widget-container\">\n\t\t\t<style>\/*! elementor - v3.18.0 - 20-12-2023 *\/\n.elementor-widget-text-editor.elementor-drop-cap-view-stacked .elementor-drop-cap{background-color:#69727d;color:#fff}.elementor-widget-text-editor.elementor-drop-cap-view-framed .elementor-drop-cap{color:#69727d;border:3px solid;background-color:transparent}.elementor-widget-text-editor:not(.elementor-drop-cap-view-default) .elementor-drop-cap{margin-top:8px}.elementor-widget-text-editor:not(.elementor-drop-cap-view-default) .elementor-drop-cap-letter{width:1em;height:1em}.elementor-widget-text-editor .elementor-drop-cap{float:left;text-align:center;line-height:1;font-size:50px}.elementor-widget-text-editor .elementor-drop-cap-letter{display:inline-block}<\/style>\t\t\t\t<p>La ortodoncia es la especialidad odontol\u00f3gica que se encarga de corregir las malposiciones dentales, es decir enderezar los dientes que tomaron una posici\u00f3n diferente a la ideal.<\/p><p>La pr\u00e1ctica m\u00e1s com\u00fan para corregir la malposici\u00f3n dental es con un tratamiento de Brackets, el cual consiste en un sistema de aditamentos met\u00e1licos (en su mayor\u00eda, actualmente existen otros materiales como el Zafiro) que se pegan a los dientes y con ayuda de arcos y en algunas ocasiones aditamentos el\u00e1sticos. En la actualidad existen alternativas en el tratamiento de ortodoncia como lo es:<\/p><ul><li>Alineadores dentales<\/li><li>Brackets de Autoligado<\/li><li>Brackets de Zafiro (est\u00e9ticos)<\/li><\/ul>\t\t\t\t\t\t<\/div>\n\t\t\t\t<\/div>\n\t\t\t\t\t<\/div>\n\t\t<\/div>\n\t\t\t\t\t\t\t<\/div>\n\t\t<\/section>\n\t\t\t\t\t\t\t<\/div>","protected":false},"excerpt":{"rendered":"<p>Ortodoncia La ortodoncia es la especialidad odontol\u00f3gica que se encarga de corregir las malposiciones dentales, es decir enderezar los dientes que tomaron una posici\u00f3n diferente a la ideal. La pr\u00e1ctica m\u00e1s com\u00fan para corregir la malposici\u00f3n dental es con un tratamiento de Brackets, el cual consiste en un sistema de aditamentos met\u00e1licos (en su mayor\u00eda, &hellip;<\/p>\n<p class=\"read-more\"> <a class=\"\" href=\"https:\/\/klinikedentale.net\/en\/ortodoncia\/\"> <span class=\"screen-reader-text\">Orthodontics<\/span> Read More &raquo;<\/a><\/p>","protected":false},"author":1,"featured_media":0,"parent":0,"menu_order":0,"comment_status":"closed","ping_status":"closed","template":"","meta":{"site-sidebar-layout":"no-sidebar","site-content-layout":"page-builder","ast-site-content-layout":"","site-content-style":"default","site-sidebar-style":"default","ast-global-header-display":"","ast-banner-title-visibility":"","ast-main-header-display":"","ast-hfb-above-header-display":"","ast-hfb-below-header-display":"","ast-hfb-mobile-header-display":"","site-post-title":"disabled","ast-breadcrumbs-content":"","ast-featured-img":"disabled","footer-sml-layout":"","theme-transparent-header-meta":"","adv-header-id-meta":"","stick-header-meta":"","header-above-stick-meta":"","header-main-stick-meta":"","header-below-stick-meta":"","astra-migrate-meta-layouts":"","footnotes":""},"_links":{"self":[{"href":"https:\/\/klinikedentale.net\/en\/wp-json\/wp\/v2\/pages\/1414"}],"collection":[{"href":"https:\/\/klinikedentale.net\/en\/wp-json\/wp\/v2\/pages"}],"about":[{"href":"https:\/\/klinikedentale.net\/en\/wp-json\/wp\/v2\/types\/page"}],"author":[{"embeddable":true,"href":"https:\/\/klinikedentale.net\/en\/wp-json\/wp\/v2\/users\/1"}],"replies":[{"embeddable":true,"href":"https:\/\/klinikedentale.net\/en\/wp-json\/wp\/v2\/comments?post=1414"}],"version-history":[{"count":10,"href":"https:\/\/klinikedentale.net\/en\/wp-json\/wp\/v2\/pages\/1414\/revisions"}],"predecessor-version":[{"id":1672,"href":"https:\/\/klinikedentale.net\/en\/wp-json\/wp\/v2\/pages\/1414\/revisions\/1672"}],"wp:attachment":[{"href":"https:\/\/klinikedentale.net\/en\/wp-json\/wp\/v2\/media?parent=1414"}],"curies":[{"name":"wp","href":"https:\/\/api.w.org\/{rel}","templated":true}]}}